{"id":2508,"date":"2021-11-30T11:38:55","date_gmt":"2021-11-30T10:38:55","guid":{"rendered":"https:\/\/dima-machinery.com\/contactenos\/"},"modified":"2025-04-14T13:52:38","modified_gmt":"2025-04-14T11:52:38","slug":"contactenos","status":"publish","type":"page","link":"https:\/\/dima-machinery.com\/es\/contactenos\/","title":{"rendered":"CONTACTENOS"},"content":{"rendered":"\t\t<div data-elementor-type=\"wp-page\" data-elementor-id=\"2508\" class=\"elementor elementor-2508 elementor-24\" data-elementor-settings=\"[]\">\n\t\t\t\t\t\t\t<div class=\"elementor-section-wrap\">\n\t\t\t\t\t\t\t<section class=\"elementor-section elementor-top-section elementor-element elementor-element-4f8136c elementor-section-boxed elementor-section-height-default elementor-section-height-default\" data-id=\"4f8136c\" data-element_type=\"section\">\n\t\t\t\t\t\t<div class=\"elementor-container elementor-column-gap-default\">\n\t\t\t\t\t<div class=\"elementor-column elementor-col-100 elementor-top-column elementor-element elementor-element-7b485d1\" data-id=\"7b485d1\" data-element_type=\"column\">\n\t\t\t<div class=\"elementor-widget-wrap elementor-element-populated\">\n\t\t\t\t\t\t\t\t<div class=\"elementor-element elementor-element-747d803 elementor-hidden-tablet elementor-hidden-mobile elementor-widget elementor-widget-heading\" data-id=\"747d803\" data-element_type=\"widget\" data-widget_type=\"heading.default\">\n\t\t\t\t<div class=\"elementor-widget-container\">\n\t\t\t<h6 class=\"elementor-heading-title elementor-size-default\">Concactenos<\/h6>\t\t<\/div>\n\t\t\t\t<\/div>\n\t\t\t\t<div class=\"elementor-element elementor-element-8f6e06e elementor-hidden-desktop elementor-hidden-tablet elementor-widget elementor-widget-heading\" data-id=\"8f6e06e\" data-element_type=\"widget\" data-widget_type=\"heading.default\">\n\t\t\t\t<div class=\"elementor-widget-container\">\n\t\t\t<h6 class=\"elementor-heading-title elementor-size-default\">Concactenos<\/h6>\t\t<\/div>\n\t\t\t\t<\/div>\n\t\t\t\t\t<\/div>\n\t\t<\/div>\n\t\t\t\t\t\t\t<\/div>\n\t\t<\/section>\n\t\t\t\t<section class=\"elementor-section elementor-top-section elementor-element elementor-element-67563dfb elementor-section-content-middle elementor-section-boxed elementor-section-height-default elementor-section-height-default\" data-id=\"67563dfb\" data-element_type=\"section\" data-settings=\"{&quot;background_background&quot;:&quot;classic&quot;}\">\n\t\t\t\t\t\t<div class=\"elementor-container elementor-column-gap-no\">\n\t\t\t\t\t<div class=\"elementor-column elementor-col-100 elementor-top-column elementor-element elementor-element-7441a0d8\" data-id=\"7441a0d8\" data-element_type=\"column\" data-settings=\"{&quot;background_background&quot;:&quot;classic&quot;}\">\n\t\t\t<div class=\"elementor-widget-wrap elementor-element-populated\">\n\t\t\t\t\t\t\t\t<div class=\"elementor-element elementor-element-d25079f elementor-widget elementor-widget-image\" data-id=\"d25079f\" data-element_type=\"widget\" data-widget_type=\"image.default\">\n\t\t\t\t<div class=\"elementor-widget-container\">\n\t\t\t\t\t\t\t\t\t\t\t\t\t\t\t<img loading=\"lazy\" decoding=\"async\" width=\"857\" height=\"481\" src=\"https:\/\/dima-machinery.com\/wp-content\/uploads\/2022\/01\/conctat-us-e1643042108267.png\" class=\"attachment-full size-full\" alt=\"\" srcset=\"https:\/\/dima-machinery.com\/wp-content\/uploads\/2022\/01\/conctat-us-e1643042108267.png 857w, https:\/\/dima-machinery.com\/wp-content\/uploads\/2022\/01\/conctat-us-e1643042108267-300x168.png 300w, https:\/\/dima-machinery.com\/wp-content\/uploads\/2022\/01\/conctat-us-e1643042108267-768x431.png 768w\" sizes=\"auto, (max-width: 857px) 100vw, 857px\" \/>\t\t\t\t\t\t\t\t\t\t\t\t\t\t\t<\/div>\n\t\t\t\t<\/div>\n\t\t\t\t<div class=\"elementor-element elementor-element-57a53bb7 elementor-button-align-stretch elementor-widget elementor-widget-form\" data-id=\"57a53bb7\" data-element_type=\"widget\" data-settings=\"{&quot;step_next_label&quot;:&quot;Pr\\u00f3ximo&quot;,&quot;step_previous_label&quot;:&quot;Previo&quot;,&quot;button_width&quot;:&quot;100&quot;,&quot;step_type&quot;:&quot;number_text&quot;,&quot;step_icon_shape&quot;:&quot;circle&quot;}\" data-widget_type=\"form.default\">\n\t\t\t\t<div class=\"elementor-widget-container\">\n\t\t\t\t\t<form class=\"elementor-form\" method=\"post\" name=\"New Form\">\n\t\t\t<input type=\"hidden\" name=\"post_id\" value=\"2508\"\/>\n\t\t\t<input type=\"hidden\" name=\"form_id\" value=\"57a53bb7\"\/>\n\t\t\t<input type=\"hidden\" name=\"referer_title\" value=\"DIMA Machinery\" \/>\n\n\t\t\t\n\t\t\t<div class=\"elementor-form-fields-wrapper elementor-labels-above\">\n\t\t\t\t\t\t\t\t<div class=\"elementor-field-type-text elementor-field-group elementor-column elementor-field-group-name elementor-col-100 elementor-field-required elementor-mark-required\">\n\t\t\t\t\t\t\t\t\t\t\t\t<label for=\"form-field-name\" class=\"elementor-field-label\">\n\t\t\t\t\t\t\t\tNombre\t\t\t\t\t\t\t<\/label>\n\t\t\t\t\t\t\t\t\t\t\t\t\t\t<input size=\"1\" type=\"text\" name=\"form_fields[name]\" id=\"form-field-name\" class=\"elementor-field elementor-size-sm  elementor-field-textual\" placeholder=\"Nombre\" required=\"required\" aria-required=\"true\">\n\t\t\t\t\t\t\t\t\t\t\t<\/div>\n\t\t\t\t\t\t\t\t<div class=\"elementor-field-type-text elementor-field-group elementor-column elementor-field-group-field_e8da6e6 elementor-col-100 elementor-field-required elementor-mark-required\">\n\t\t\t\t\t\t\t\t\t\t\t\t<label for=\"form-field-field_e8da6e6\" class=\"elementor-field-label\">\n\t\t\t\t\t\t\t\tCompa\u00f1\u00eda\t\t\t\t\t\t\t<\/label>\n\t\t\t\t\t\t\t\t\t\t\t\t\t\t<input size=\"1\" type=\"text\" name=\"form_fields[field_e8da6e6]\" id=\"form-field-field_e8da6e6\" class=\"elementor-field elementor-size-sm  elementor-field-textual\" placeholder=\"Compa\u00f1\u00eda\" required=\"required\" aria-required=\"true\">\n\t\t\t\t\t\t\t\t\t\t\t<\/div>\n\t\t\t\t\t\t\t\t<div class=\"elementor-field-type-email elementor-field-group elementor-column elementor-field-group-email elementor-col-100 elementor-field-required elementor-mark-required\">\n\t\t\t\t\t\t\t\t\t\t\t\t<label for=\"form-field-email\" class=\"elementor-field-label\">\n\t\t\t\t\t\t\t\tCorreo electronico\t\t\t\t\t\t\t<\/label>\n\t\t\t\t\t\t\t\t\t\t\t\t\t\t<input size=\"1\" type=\"email\" name=\"form_fields[email]\" id=\"form-field-email\" class=\"elementor-field elementor-size-sm  elementor-field-textual\" placeholder=\"Correo electronico\" required=\"required\" aria-required=\"true\">\n\t\t\t\t\t\t\t\t\t\t\t<\/div>\n\t\t\t\t\t\t\t\t<div class=\"elementor-field-type-text elementor-field-group elementor-column elementor-field-group-6ed25c0 elementor-col-100 elementor-field-required elementor-mark-required\">\n\t\t\t\t\t\t\t\t\t\t\t\t<label for=\"form-field-6ed25c0\" class=\"elementor-field-label\">\n\t\t\t\t\t\t\t\tAsunto\t\t\t\t\t\t\t<\/label>\n\t\t\t\t\t\t\t\t\t\t\t\t\t\t<input size=\"1\" type=\"text\" name=\"form_fields[6ed25c0]\" id=\"form-field-6ed25c0\" class=\"elementor-field elementor-size-sm  elementor-field-textual\" placeholder=\"Asunto\" required=\"required\" aria-required=\"true\">\n\t\t\t\t\t\t\t\t\t\t\t<\/div>\n\t\t\t\t\t\t\t\t<div class=\"elementor-field-type-text elementor-field-group elementor-column elementor-field-group-field_172643c elementor-col-100\">\n\t\t\t\t\t\t\t\t\t\t\t\t<label for=\"form-field-field_172643c\" class=\"elementor-field-label\">\n\t\t\t\t\t\t\t\tMensaje\t\t\t\t\t\t\t<\/label>\n\t\t\t\t\t\t\t\t\t\t\t\t\t\t<input size=\"1\" type=\"text\" name=\"form_fields[field_172643c]\" id=\"form-field-field_172643c\" class=\"elementor-field elementor-size-sm  elementor-field-textual\" placeholder=\"Mensaje\">\n\t\t\t\t\t\t\t\t\t\t\t<\/div>\n\t\t\t\t\t\t\t\t<div class=\"elementor-field-group elementor-column elementor-field-type-submit elementor-col-100 e-form__buttons\">\n\t\t\t\t\t<button type=\"submit\" class=\"elementor-button elementor-size-sm\">\n\t\t\t\t\t\t<span >\n\t\t\t\t\t\t\t\t\t\t\t\t\t\t\t<span class=\" elementor-button-icon\">\n\t\t\t\t\t\t\t\t\t\t\t\t\t\t\t\t\t\t\t\t\t\t\t\t\t\t<\/span>\n\t\t\t\t\t\t\t\t\t\t\t\t\t\t\t\t\t\t\t\t\t\t<span class=\"elementor-button-text\">Enviar mensaje <\/span>\n\t\t\t\t\t\t\t\t\t\t\t\t\t<\/span>\n\t\t\t\t\t<\/button>\n\t\t\t\t<\/div>\n\t\t\t<\/div>\n\t\t<\/form>\n\t\t\t\t<\/div>\n\t\t\t\t<\/div>\n\t\t\t\t\t<\/div>\n\t\t<\/div>\n\t\t\t\t\t\t\t<\/div>\n\t\t<\/section>\n\t\t\t\t<section class=\"elementor-section elementor-top-section elementor-element elementor-element-08fdbf9 elementor-hidden-tablet elementor-hidden-mobile elementor-section-boxed elementor-section-height-default elementor-section-height-default\" data-id=\"08fdbf9\" data-element_type=\"section\">\n\t\t\t\t\t\t<div class=\"elementor-container elementor-column-gap-default\">\n\t\t\t\t\t<div class=\"elementor-column elementor-col-100 elementor-top-column elementor-element elementor-element-38984ab\" data-id=\"38984ab\" data-element_type=\"column\">\n\t\t\t<div class=\"elementor-widget-wrap elementor-element-populated\">\n\t\t\t\t\t\t\t\t<div class=\"elementor-element elementor-element-1ce1107e elementor-widget elementor-widget-heading\" data-id=\"1ce1107e\" data-element_type=\"widget\" data-widget_type=\"heading.default\">\n\t\t\t\t<div class=\"elementor-widget-container\">\n\t\t\t<h2 class=\"elementor-heading-title elementor-size-default\">USA<\/h2>\t\t<\/div>\n\t\t\t\t<\/div>\n\t\t\t\t<div class=\"elementor-element elementor-element-2a0dfac elementor-widget elementor-widget-text-editor\" data-id=\"2a0dfac\" data-element_type=\"widget\" data-widget_type=\"text-editor.default\">\n\t\t\t\t<div class=\"elementor-widget-container\">\n\t\t\t\t\t\t\t<p>777 NW 72 avenue, suite 1075, Miami 33126 Florida<br \/>Correo: <a class=\"link-mail-phone-dark\" href=\"mailto:office@dima-machinery.com\">office@dima-machinery.com<\/a><br \/>Tel\u00e9fono: <a class=\"link-mail-phone-dark\" href=\"tel:+17864642052\">+1 786 464 2052<\/a><\/p>\n\t\t\t\t\t\t<\/div>\n\t\t\t\t<\/div>\n\t\t\t\t<div class=\"elementor-element elementor-element-7c8e6ac4 elementor-widget elementor-widget-google_maps\" data-id=\"7c8e6ac4\" data-element_type=\"widget\" data-widget_type=\"google_maps.default\">\n\t\t\t\t<div class=\"elementor-widget-container\">\n\t\t\t\t\t<div class=\"elementor-custom-embed\">\n\t\t\t<iframe frameborder=\"0\" scrolling=\"no\" marginheight=\"0\" marginwidth=\"0\"\n\t\t\t\t\tsrc=\"https:\/\/maps.google.com\/maps?q=777%20NW%2072%20avenue%2C%20suite%201075%2C%20Miami%2033126%20Florida&#038;t=m&#038;z=18&#038;output=embed&#038;iwloc=near\"\n\t\t\t\t\ttitle=\"777 NW 72 avenue, suite 1075, Miami 33126 Florida\"\n\t\t\t\t\taria-label=\"777 NW 72 avenue, suite 1075, Miami 33126 Florida\"\n\t\t\t><\/iframe>\n\t\t<\/div>\n\t\t\t\t<\/div>\n\t\t\t\t<\/div>\n\t\t\t\t\t<\/div>\n\t\t<\/div>\n\t\t\t\t\t\t\t<\/div>\n\t\t<\/section>\n\t\t\t\t<section class=\"elementor-section elementor-top-section elementor-element elementor-element-8a37e1e elementor-hidden-desktop elementor-section-boxed elementor-section-height-default elementor-section-height-default\" data-id=\"8a37e1e\" data-element_type=\"section\">\n\t\t\t\t\t\t<div class=\"elementor-container elementor-column-gap-default\">\n\t\t\t\t\t<div class=\"elementor-column elementor-col-50 elementor-top-column elementor-element elementor-element-75efa43\" data-id=\"75efa43\" data-element_type=\"column\">\n\t\t\t<div class=\"elementor-widget-wrap elementor-element-populated\">\n\t\t\t\t\t\t\t\t<div class=\"elementor-element elementor-element-78465b0 elementor-widget elementor-widget-heading\" data-id=\"78465b0\" data-element_type=\"widget\" data-widget_type=\"heading.default\">\n\t\t\t\t<div class=\"elementor-widget-container\">\n\t\t\t<h2 class=\"elementor-heading-title elementor-size-default\">USA<\/h2>\t\t<\/div>\n\t\t\t\t<\/div>\n\t\t\t\t<div class=\"elementor-element elementor-element-91ff333 elementor-widget elementor-widget-text-editor\" data-id=\"91ff333\" data-element_type=\"widget\" data-widget_type=\"text-editor.default\">\n\t\t\t\t<div class=\"elementor-widget-container\">\n\t\t\t\t\t\t\t<p>777 NW 72 avenue, suite 1075, Miami 33126 Florida<br \/>Correo: <a class=\"link-mail-phone-dark\" href=\"mailto:office@dima-machinery.com\">office@dima-machinery.com<\/a><br \/>Tel\u00e9fono: <a class=\"link-mail-phone-dark\" href=\"tel:+17864642052\">+1 786 464 2052<\/a><\/p>\n\t\t\t\t\t\t<\/div>\n\t\t\t\t<\/div>\n\t\t\t\t<div class=\"elementor-element elementor-element-a372a29 elementor-widget elementor-widget-google_maps\" data-id=\"a372a29\" data-element_type=\"widget\" data-widget_type=\"google_maps.default\">\n\t\t\t\t<div class=\"elementor-widget-container\">\n\t\t\t\t\t<div class=\"elementor-custom-embed\">\n\t\t\t<iframe frameborder=\"0\" scrolling=\"no\" marginheight=\"0\" marginwidth=\"0\"\n\t\t\t\t\tsrc=\"https:\/\/maps.google.com\/maps?q=777%20NW%2072%20avenue%2C%20suite%201075%2C%20Miami%2033126%20Florida&#038;t=m&#038;z=18&#038;output=embed&#038;iwloc=near\"\n\t\t\t\t\ttitle=\"777 NW 72 avenue, suite 1075, Miami 33126 Florida\"\n\t\t\t\t\taria-label=\"777 NW 72 avenue, suite 1075, Miami 33126 Florida\"\n\t\t\t><\/iframe>\n\t\t<\/div>\n\t\t\t\t<\/div>\n\t\t\t\t<\/div>\n\t\t\t\t\t<\/div>\n\t\t<\/div>\n\t\t\t\t<div class=\"elementor-column elementor-col-50 elementor-top-column elementor-element elementor-element-56e8d8c\" data-id=\"56e8d8c\" data-element_type=\"column\">\n\t\t\t<div class=\"elementor-widget-wrap elementor-element-populated\">\n\t\t\t\t\t\t\t\t<div class=\"elementor-element elementor-element-af9fd4b elementor-widget elementor-widget-heading\" data-id=\"af9fd4b\" data-element_type=\"widget\" data-widget_type=\"heading.default\">\n\t\t\t\t<div class=\"elementor-widget-container\">\n\t\t\t<h2 class=\"elementor-heading-title elementor-size-default\">ITALY<\/h2>\t\t<\/div>\n\t\t\t\t<\/div>\n\t\t\t\t<div class=\"elementor-element elementor-element-4aabb56 elementor-widget elementor-widget-text-editor\" data-id=\"4aabb56\" data-element_type=\"widget\" data-widget_type=\"text-editor.default\">\n\t\t\t\t<div class=\"elementor-widget-container\">\n\t\t\t\t\t\t\t<p>Via Leonardo da Vinci, 39<br \/>Reana del Rojale (UD)<br \/>Correo: <a class=\"link-mail-phone-dark\" href=\"mailto:office@dima-machinery.com\">office@dima-machinery.com<\/a><br \/>Tel\u00e9fono: <a class=\"link-mail-phone-dark\" href=\"tel:+393515661814\">+39 351 566 1814<\/a><\/p>\n\t\t\t\t\t\t<\/div>\n\t\t\t\t<\/div>\n\t\t\t\t<div class=\"elementor-element elementor-element-a18ee28 elementor-widget elementor-widget-google_maps\" data-id=\"a18ee28\" data-element_type=\"widget\" data-widget_type=\"google_maps.default\">\n\t\t\t\t<div class=\"elementor-widget-container\">\n\t\t\t\t\t<div class=\"elementor-custom-embed\">\n\t\t\t<iframe frameborder=\"0\" scrolling=\"no\" marginheight=\"0\" marginwidth=\"0\"\n\t\t\t\t\tsrc=\"https:\/\/maps.google.com\/maps?q=Via%20Leonardo%20da%20Vinci%2C%2039%2033010%20Reana%20del%20Rojale%20%28UD%29&#038;t=m&#038;z=18&#038;output=embed&#038;iwloc=near\"\n\t\t\t\t\ttitle=\"Via Leonardo da Vinci, 39 33010 Reana del Rojale (UD)\"\n\t\t\t\t\taria-label=\"Via Leonardo da Vinci, 39 33010 Reana del Rojale (UD)\"\n\t\t\t><\/iframe>\n\t\t<\/div>\n\t\t\t\t<\/div>\n\t\t\t\t<\/div>\n\t\t\t\t\t<\/div>\n\t\t<\/div>\n\t\t\t\t\t\t\t<\/div>\n\t\t<\/section>\n\t\t\t\t\t\t<\/div>\n\t\t\t\t\t<\/div>\n\t\t","protected":false},"excerpt":{"rendered":"<p>Concactenos Concactenos USA 777 NW 72 avenue, suite 1075, Miami 33126 FloridaCorreo: office@dima-machinery.comTel\u00e9fono: +1 786 464 2052 USA 777 NW 72 avenue, suite 1075, Miami 33126 FloridaCorreo: office@dima-machinery.comTel\u00e9fono: +1 786 464 2052 ITALY Via Leonardo da Vinci, 39Reana del Rojale (UD)Correo: office@dima-machinery.comTel\u00e9fono: +39 351 566 1814<\/p>\n","protected":false},"author":1,"featured_media":0,"parent":0,"menu_order":0,"comment_status":"closed","ping_status":"closed","template":"","meta":{"footnotes":""},"class_list":["post-2508","page","type-page","status-publish","hentry"],"yoast_head":"<!-- This site is optimized with the Yoast SEO plugin v20.2.1 - https:\/\/yoast.com\/wordpress\/plugins\/seo\/ -->\n<title>CONTACTENOS - DIMA Machinery<\/title>\n<meta name=\"description\" content=\"Contacte DIMA MACHINERY | 777 NW 72 avenue, suite 1075, Miami 33126 | office@dima-machinery.com | +1 786 464 2052\" \/>\n<meta name=\"robots\" content=\"index, follow, max-snippet:-1, max-image-preview:large, max-video-preview:-1\" \/>\n<link rel=\"canonical\" href=\"https:\/\/dima-machinery.com\/es\/contactenos\/\" \/>\n<meta property=\"og:locale\" content=\"es_ES\" \/>\n<meta property=\"og:type\" content=\"article\" \/>\n<meta property=\"og:title\" content=\"CONTACTENOS - DIMA Machinery\" \/>\n<meta property=\"og:description\" content=\"Contacte DIMA MACHINERY | 777 NW 72 avenue, suite 1075, Miami 33126 | office@dima-machinery.com | +1 786 464 2052\" \/>\n<meta property=\"og:url\" content=\"https:\/\/dima-machinery.com\/es\/contactenos\/\" \/>\n<meta property=\"og:site_name\" content=\"DIMA Machinery\" \/>\n<meta property=\"article:modified_time\" content=\"2025-04-14T11:52:38+00:00\" \/>\n<meta property=\"og:image\" content=\"https:\/\/dima-machinery.com\/wp-content\/uploads\/2022\/01\/conctat-us-e1643042108267.png\" \/>\n<meta name=\"twitter:card\" content=\"summary_large_image\" \/>\n<meta name=\"twitter:label1\" content=\"Tiempo de lectura\" \/>\n\t<meta name=\"twitter:data1\" content=\"1 minuto\" \/>\n<script type=\"application\/ld+json\" class=\"yoast-schema-graph\">{\"@context\":\"https:\/\/schema.org\",\"@graph\":[{\"@type\":\"WebPage\",\"@id\":\"https:\/\/dima-machinery.com\/es\/contactenos\/\",\"url\":\"https:\/\/dima-machinery.com\/es\/contactenos\/\",\"name\":\"CONTACTENOS - DIMA Machinery\",\"isPartOf\":{\"@id\":\"https:\/\/dima-machinery.com\/es\/#website\"},\"datePublished\":\"2021-11-30T10:38:55+00:00\",\"dateModified\":\"2025-04-14T11:52:38+00:00\",\"description\":\"Contacte DIMA MACHINERY | 777 NW 72 avenue, suite 1075, Miami 33126 | office@dima-machinery.com | +1 786 464 2052\",\"breadcrumb\":{\"@id\":\"https:\/\/dima-machinery.com\/es\/contactenos\/#breadcrumb\"},\"inLanguage\":\"es\",\"potentialAction\":[{\"@type\":\"ReadAction\",\"target\":[\"https:\/\/dima-machinery.com\/es\/contactenos\/\"]}]},{\"@type\":\"BreadcrumbList\",\"@id\":\"https:\/\/dima-machinery.com\/es\/contactenos\/#breadcrumb\",\"itemListElement\":[{\"@type\":\"ListItem\",\"position\":1,\"name\":\"Home\",\"item\":\"https:\/\/dima-machinery.com\/es\/\"},{\"@type\":\"ListItem\",\"position\":2,\"name\":\"CONTACTENOS\"}]},{\"@type\":\"WebSite\",\"@id\":\"https:\/\/dima-machinery.com\/es\/#website\",\"url\":\"https:\/\/dima-machinery.com\/es\/\",\"name\":\"DIMA Machinery\",\"description\":\"Un nuovo sito targato WordPress\",\"publisher\":{\"@id\":\"https:\/\/dima-machinery.com\/es\/#organization\"},\"potentialAction\":[{\"@type\":\"SearchAction\",\"target\":{\"@type\":\"EntryPoint\",\"urlTemplate\":\"https:\/\/dima-machinery.com\/es\/?s={search_term_string}\"},\"query-input\":\"required name=search_term_string\"}],\"inLanguage\":\"es\"},{\"@type\":\"Organization\",\"@id\":\"https:\/\/dima-machinery.com\/es\/#organization\",\"name\":\"DIMA Machinery\",\"url\":\"https:\/\/dima-machinery.com\/es\/\",\"logo\":{\"@type\":\"ImageObject\",\"inLanguage\":\"es\",\"@id\":\"https:\/\/dima-machinery.com\/es\/#\/schema\/logo\/image\/\",\"url\":\"https:\/\/dima-machinery.com\/wp-content\/uploads\/2022\/06\/Logo-DIMA-R1-nero.jpg\",\"contentUrl\":\"https:\/\/dima-machinery.com\/wp-content\/uploads\/2022\/06\/Logo-DIMA-R1-nero.jpg\",\"width\":800,\"height\":565,\"caption\":\"DIMA Machinery\"},\"image\":{\"@id\":\"https:\/\/dima-machinery.com\/es\/#\/schema\/logo\/image\/\"}}]}<\/script>\n<!-- \/ Yoast SEO plugin. -->","yoast_head_json":{"title":"CONTACTENOS - DIMA Machinery","description":"Contacte DIMA MACHINERY | 777 NW 72 avenue, suite 1075, Miami 33126 | office@dima-machinery.com | +1 786 464 2052","robots":{"index":"index","follow":"follow","max-snippet":"max-snippet:-1","max-image-preview":"max-image-preview:large","max-video-preview":"max-video-preview:-1"},"canonical":"https:\/\/dima-machinery.com\/es\/contactenos\/","og_locale":"es_ES","og_type":"article","og_title":"CONTACTENOS - DIMA Machinery","og_description":"Contacte DIMA MACHINERY | 777 NW 72 avenue, suite 1075, Miami 33126 | office@dima-machinery.com | +1 786 464 2052","og_url":"https:\/\/dima-machinery.com\/es\/contactenos\/","og_site_name":"DIMA Machinery","article_modified_time":"2025-04-14T11:52:38+00:00","og_image":[{"url":"https:\/\/dima-machinery.com\/wp-content\/uploads\/2022\/01\/conctat-us-e1643042108267.png"}],"twitter_card":"summary_large_image","twitter_misc":{"Tiempo de lectura":"1 minuto"},"schema":{"@context":"https:\/\/schema.org","@graph":[{"@type":"WebPage","@id":"https:\/\/dima-machinery.com\/es\/contactenos\/","url":"https:\/\/dima-machinery.com\/es\/contactenos\/","name":"CONTACTENOS - DIMA Machinery","isPartOf":{"@id":"https:\/\/dima-machinery.com\/es\/#website"},"datePublished":"2021-11-30T10:38:55+00:00","dateModified":"2025-04-14T11:52:38+00:00","description":"Contacte DIMA MACHINERY | 777 NW 72 avenue, suite 1075, Miami 33126 | office@dima-machinery.com | +1 786 464 2052","breadcrumb":{"@id":"https:\/\/dima-machinery.com\/es\/contactenos\/#breadcrumb"},"inLanguage":"es","potentialAction":[{"@type":"ReadAction","target":["https:\/\/dima-machinery.com\/es\/contactenos\/"]}]},{"@type":"BreadcrumbList","@id":"https:\/\/dima-machinery.com\/es\/contactenos\/#breadcrumb","itemListElement":[{"@type":"ListItem","position":1,"name":"Home","item":"https:\/\/dima-machinery.com\/es\/"},{"@type":"ListItem","position":2,"name":"CONTACTENOS"}]},{"@type":"WebSite","@id":"https:\/\/dima-machinery.com\/es\/#website","url":"https:\/\/dima-machinery.com\/es\/","name":"DIMA Machinery","description":"Un nuovo sito targato WordPress","publisher":{"@id":"https:\/\/dima-machinery.com\/es\/#organization"},"potentialAction":[{"@type":"SearchAction","target":{"@type":"EntryPoint","urlTemplate":"https:\/\/dima-machinery.com\/es\/?s={search_term_string}"},"query-input":"required name=search_term_string"}],"inLanguage":"es"},{"@type":"Organization","@id":"https:\/\/dima-machinery.com\/es\/#organization","name":"DIMA Machinery","url":"https:\/\/dima-machinery.com\/es\/","logo":{"@type":"ImageObject","inLanguage":"es","@id":"https:\/\/dima-machinery.com\/es\/#\/schema\/logo\/image\/","url":"https:\/\/dima-machinery.com\/wp-content\/uploads\/2022\/06\/Logo-DIMA-R1-nero.jpg","contentUrl":"https:\/\/dima-machinery.com\/wp-content\/uploads\/2022\/06\/Logo-DIMA-R1-nero.jpg","width":800,"height":565,"caption":"DIMA Machinery"},"image":{"@id":"https:\/\/dima-machinery.com\/es\/#\/schema\/logo\/image\/"}}]}},"_links":{"self":[{"href":"https:\/\/dima-machinery.com\/es\/wp-json\/wp\/v2\/pages\/2508","targetHints":{"allow":["GET"]}}],"collection":[{"href":"https:\/\/dima-machinery.com\/es\/wp-json\/wp\/v2\/pages"}],"about":[{"href":"https:\/\/dima-machinery.com\/es\/wp-json\/wp\/v2\/types\/page"}],"author":[{"embeddable":true,"href":"https:\/\/dima-machinery.com\/es\/wp-json\/wp\/v2\/users\/1"}],"replies":[{"embeddable":true,"href":"https:\/\/dima-machinery.com\/es\/wp-json\/wp\/v2\/comments?post=2508"}],"version-history":[{"count":4,"href":"https:\/\/dima-machinery.com\/es\/wp-json\/wp\/v2\/pages\/2508\/revisions"}],"predecessor-version":[{"id":3022,"href":"https:\/\/dima-machinery.com\/es\/wp-json\/wp\/v2\/pages\/2508\/revisions\/3022"}],"wp:attachment":[{"href":"https:\/\/dima-machinery.com\/es\/wp-json\/wp\/v2\/media?parent=2508"}],"curies":[{"name":"wp","href":"https:\/\/api.w.org\/{rel}","templated":true}]}}