{"id":2506,"date":"2022-01-31T11:07:05","date_gmt":"2022-01-31T10:07:05","guid":{"rendered":"https:\/\/dima-machinery.com\/sistema-de-levacion-de-cestas\/"},"modified":"2023-03-10T15:32:22","modified_gmt":"2023-03-10T14:32:22","slug":"sistema-de-levacion-de-cestas","status":"publish","type":"page","link":"https:\/\/dima-machinery.com\/es\/sistema-de-levacion-de-cestas\/","title":{"rendered":"Sistema De levaci\u00f2n De Cestas"},"content":{"rendered":"\t\t<div data-elementor-type=\"wp-page\" data-elementor-id=\"2506\" class=\"elementor elementor-2506 elementor-1882\" data-elementor-settings=\"[]\">\n\t\t\t\t\t\t\t<div class=\"elementor-section-wrap\">\n\t\t\t\t\t\t\t<section class=\"elementor-section elementor-top-section elementor-element elementor-element-ce4c50a elementor-section-boxed elementor-section-height-default elementor-section-height-default\" data-id=\"ce4c50a\" data-element_type=\"section\">\n\t\t\t\t\t\t<div class=\"elementor-container elementor-column-gap-default\">\n\t\t\t\t\t<div class=\"elementor-column elementor-col-100 elementor-top-column elementor-element elementor-element-25c8d57\" data-id=\"25c8d57\" data-element_type=\"column\">\n\t\t\t<div class=\"elementor-widget-wrap elementor-element-populated\">\n\t\t\t\t\t\t\t\t<div class=\"elementor-element elementor-element-9e0e0b8 elementor-hidden-mobile elementor-widget elementor-widget-heading\" data-id=\"9e0e0b8\" data-element_type=\"widget\" data-widget_type=\"heading.default\">\n\t\t\t\t<div class=\"elementor-widget-container\">\n\t\t\t<h2 class=\"elementor-heading-title elementor-size-default\">SISTEMA DE ELEVACI\u00d3N DE CESTAS<\/h2>\t\t<\/div>\n\t\t\t\t<\/div>\n\t\t\t\t<div class=\"elementor-element elementor-element-80a57d0 elementor-hidden-desktop elementor-hidden-tablet elementor-widget elementor-widget-heading\" data-id=\"80a57d0\" data-element_type=\"widget\" data-widget_type=\"heading.default\">\n\t\t\t\t<div class=\"elementor-widget-container\">\n\t\t\t<h2 class=\"elementor-heading-title elementor-size-default\">SISTEMA DE ELEVACI\u00d3N DE CESTAS<\/h2>\t\t<\/div>\n\t\t\t\t<\/div>\n\t\t\t\t\t<\/div>\n\t\t<\/div>\n\t\t\t\t\t\t\t<\/div>\n\t\t<\/section>\n\t\t\t\t<section class=\"elementor-section elementor-top-section elementor-element elementor-element-6c50735 elementor-reverse-mobile elementor-section-boxed elementor-section-height-default elementor-section-height-default\" data-id=\"6c50735\" data-element_type=\"section\">\n\t\t\t\t\t\t<div class=\"elementor-container elementor-column-gap-default\">\n\t\t\t\t\t<div class=\"elementor-column elementor-col-100 elementor-top-column elementor-element elementor-element-2c5a64a\" data-id=\"2c5a64a\" data-element_type=\"column\" data-settings=\"{&quot;background_background&quot;:&quot;classic&quot;}\">\n\t\t\t<div class=\"elementor-widget-wrap elementor-element-populated\">\n\t\t\t\t\t\t\t\t<div class=\"elementor-element elementor-element-aa32622 elementor-widget elementor-widget-heading\" data-id=\"aa32622\" data-element_type=\"widget\" data-widget_type=\"heading.default\">\n\t\t\t\t<div class=\"elementor-widget-container\">\n\t\t\t<h2 class=\"elementor-heading-title elementor-size-default\">SISTEMA DE ELEVACI\u00d3N DE CESTAS<\/h2>\t\t<\/div>\n\t\t\t\t<\/div>\n\t\t\t\t<div class=\"elementor-element elementor-element-aaf6565 elementor-tabs-view-horizontal elementor-widget elementor-widget-tabs\" data-id=\"aaf6565\" data-element_type=\"widget\" data-widget_type=\"tabs.default\">\n\t\t\t\t<div class=\"elementor-widget-container\">\n\t\t\t\t\t<div class=\"elementor-tabs\">\n\t\t\t<div class=\"elementor-tabs-wrapper\" role=\"tablist\" >\n\t\t\t\t\t\t\t\t\t<div id=\"elementor-tab-title-1791\" class=\"elementor-tab-title elementor-tab-desktop-title\" aria-selected=\"true\" data-tab=\"1\" role=\"tab\" tabindex=\"0\" aria-controls=\"elementor-tab-content-1791\" aria-expanded=\"false\">Descripcion<\/div>\n\t\t\t\t\t\t\t<\/div>\n\t\t\t<div class=\"elementor-tabs-content-wrapper\" role=\"tablist\" aria-orientation=\"vertical\">\n\t\t\t\t\t\t\t\t\t<div class=\"elementor-tab-title elementor-tab-mobile-title\" aria-selected=\"true\" data-tab=\"1\" role=\"tab\" tabindex=\"0\" aria-controls=\"elementor-tab-content-1791\" aria-expanded=\"false\">Descripcion<\/div>\n\t\t\t\t\t<div id=\"elementor-tab-content-1791\" class=\"elementor-tab-content elementor-clearfix\" data-tab=\"1\" role=\"tabpanel\" aria-labelledby=\"elementor-tab-title-1791\" tabindex=\"0\" hidden=\"false\"><div class=\"page\" title=\"Page 2\">\n<div class=\"layoutArea\">\n<div class=\"column\">\n<p>DI-MA podr\u00eda dise\u00f1ar y suministrar gr\u00faas especiales para clientes que el mercado no ofrece debido a la aplicaci\u00f3n y caracter\u00edsticas espec\u00edficas.<\/p>\n<\/div>\n<\/div>\n<\/div>\n<\/div>\n\t\t\t\t\t\t\t<\/div>\n\t\t<\/div>\n\t\t\t\t<\/div>\n\t\t\t\t<\/div>\n\t\t\t\t\t<\/div>\n\t\t<\/div>\n\t\t\t\t\t\t\t<\/div>\n\t\t<\/section>\n\t\t\t\t\t\t<\/div>\n\t\t\t\t\t<\/div>\n\t\t","protected":false},"excerpt":{"rendered":"<p>SISTEMA DE ELEVACI\u00d3N DE CESTAS SISTEMA DE ELEVACI\u00d3N DE CESTAS SISTEMA DE ELEVACI\u00d3N DE CESTAS Descripcion Descripcion DI-MA podr\u00eda dise\u00f1ar y suministrar gr\u00faas especiales para clientes que el mercado no ofrece debido a la aplicaci\u00f3n y caracter\u00edsticas espec\u00edficas.<\/p>\n","protected":false},"author":1,"featured_media":0,"parent":0,"menu_order":0,"comment_status":"closed","ping_status":"closed","template":"","meta":{"footnotes":""},"class_list":["post-2506","page","type-page","status-publish","hentry"],"yoast_head":"<!-- This site is optimized with the Yoast SEO plugin v20.2.1 - https:\/\/yoast.com\/wordpress\/plugins\/seo\/ -->\n<title>Sistema De levaci\u00f2n De Cestas - DIMA Machinery<\/title>\n<meta name=\"robots\" content=\"index, follow, max-snippet:-1, max-image-preview:large, max-video-preview:-1\" \/>\n<link rel=\"canonical\" href=\"https:\/\/dima-machinery.com\/es\/sistema-de-levacion-de-cestas\/\" \/>\n<meta property=\"og:locale\" content=\"es_ES\" \/>\n<meta property=\"og:type\" content=\"article\" \/>\n<meta property=\"og:title\" content=\"Sistema De levaci\u00f2n De Cestas - DIMA Machinery\" \/>\n<meta property=\"og:description\" content=\"SISTEMA DE ELEVACI\u00d3N DE CESTAS SISTEMA DE ELEVACI\u00d3N DE CESTAS SISTEMA DE ELEVACI\u00d3N DE CESTAS Descripcion Descripcion DI-MA podr\u00eda dise\u00f1ar y suministrar gr\u00faas especiales para clientes que el mercado no ofrece debido a la aplicaci\u00f3n y caracter\u00edsticas espec\u00edficas.\" \/>\n<meta property=\"og:url\" content=\"https:\/\/dima-machinery.com\/es\/sistema-de-levacion-de-cestas\/\" \/>\n<meta property=\"og:site_name\" content=\"DIMA Machinery\" \/>\n<meta property=\"article:modified_time\" content=\"2023-03-10T14:32:22+00:00\" \/>\n<meta name=\"twitter:card\" content=\"summary_large_image\" \/>\n<script type=\"application\/ld+json\" class=\"yoast-schema-graph\">{\"@context\":\"https:\/\/schema.org\",\"@graph\":[{\"@type\":\"WebPage\",\"@id\":\"https:\/\/dima-machinery.com\/es\/sistema-de-levacion-de-cestas\/\",\"url\":\"https:\/\/dima-machinery.com\/es\/sistema-de-levacion-de-cestas\/\",\"name\":\"Sistema De levaci\u00f2n De Cestas - DIMA Machinery\",\"isPartOf\":{\"@id\":\"https:\/\/dima-machinery.com\/es\/#website\"},\"datePublished\":\"2022-01-31T10:07:05+00:00\",\"dateModified\":\"2023-03-10T14:32:22+00:00\",\"breadcrumb\":{\"@id\":\"https:\/\/dima-machinery.com\/es\/sistema-de-levacion-de-cestas\/#breadcrumb\"},\"inLanguage\":\"es\",\"potentialAction\":[{\"@type\":\"ReadAction\",\"target\":[\"https:\/\/dima-machinery.com\/es\/sistema-de-levacion-de-cestas\/\"]}]},{\"@type\":\"BreadcrumbList\",\"@id\":\"https:\/\/dima-machinery.com\/es\/sistema-de-levacion-de-cestas\/#breadcrumb\",\"itemListElement\":[{\"@type\":\"ListItem\",\"position\":1,\"name\":\"Home\",\"item\":\"https:\/\/dima-machinery.com\/es\/\"},{\"@type\":\"ListItem\",\"position\":2,\"name\":\"Sistema De levaci\u00f2n De Cestas\"}]},{\"@type\":\"WebSite\",\"@id\":\"https:\/\/dima-machinery.com\/es\/#website\",\"url\":\"https:\/\/dima-machinery.com\/es\/\",\"name\":\"DIMA Machinery\",\"description\":\"Un nuovo sito targato WordPress\",\"publisher\":{\"@id\":\"https:\/\/dima-machinery.com\/es\/#organization\"},\"potentialAction\":[{\"@type\":\"SearchAction\",\"target\":{\"@type\":\"EntryPoint\",\"urlTemplate\":\"https:\/\/dima-machinery.com\/es\/?s={search_term_string}\"},\"query-input\":\"required name=search_term_string\"}],\"inLanguage\":\"es\"},{\"@type\":\"Organization\",\"@id\":\"https:\/\/dima-machinery.com\/es\/#organization\",\"name\":\"DIMA Machinery\",\"url\":\"https:\/\/dima-machinery.com\/es\/\",\"logo\":{\"@type\":\"ImageObject\",\"inLanguage\":\"es\",\"@id\":\"https:\/\/dima-machinery.com\/es\/#\/schema\/logo\/image\/\",\"url\":\"https:\/\/dima-machinery.com\/wp-content\/uploads\/2022\/06\/Logo-DIMA-R1-nero.jpg\",\"contentUrl\":\"https:\/\/dima-machinery.com\/wp-content\/uploads\/2022\/06\/Logo-DIMA-R1-nero.jpg\",\"width\":800,\"height\":565,\"caption\":\"DIMA Machinery\"},\"image\":{\"@id\":\"https:\/\/dima-machinery.com\/es\/#\/schema\/logo\/image\/\"}}]}<\/script>\n<!-- \/ Yoast SEO plugin. -->","yoast_head_json":{"title":"Sistema De levaci\u00f2n De Cestas - DIMA Machinery","robots":{"index":"index","follow":"follow","max-snippet":"max-snippet:-1","max-image-preview":"max-image-preview:large","max-video-preview":"max-video-preview:-1"},"canonical":"https:\/\/dima-machinery.com\/es\/sistema-de-levacion-de-cestas\/","og_locale":"es_ES","og_type":"article","og_title":"Sistema De levaci\u00f2n De Cestas - DIMA Machinery","og_description":"SISTEMA DE ELEVACI\u00d3N DE CESTAS SISTEMA DE ELEVACI\u00d3N DE CESTAS SISTEMA DE ELEVACI\u00d3N DE CESTAS Descripcion Descripcion DI-MA podr\u00eda dise\u00f1ar y suministrar gr\u00faas especiales para clientes que el mercado no ofrece debido a la aplicaci\u00f3n y caracter\u00edsticas espec\u00edficas.","og_url":"https:\/\/dima-machinery.com\/es\/sistema-de-levacion-de-cestas\/","og_site_name":"DIMA Machinery","article_modified_time":"2023-03-10T14:32:22+00:00","twitter_card":"summary_large_image","schema":{"@context":"https:\/\/schema.org","@graph":[{"@type":"WebPage","@id":"https:\/\/dima-machinery.com\/es\/sistema-de-levacion-de-cestas\/","url":"https:\/\/dima-machinery.com\/es\/sistema-de-levacion-de-cestas\/","name":"Sistema De levaci\u00f2n De Cestas - DIMA Machinery","isPartOf":{"@id":"https:\/\/dima-machinery.com\/es\/#website"},"datePublished":"2022-01-31T10:07:05+00:00","dateModified":"2023-03-10T14:32:22+00:00","breadcrumb":{"@id":"https:\/\/dima-machinery.com\/es\/sistema-de-levacion-de-cestas\/#breadcrumb"},"inLanguage":"es","potentialAction":[{"@type":"ReadAction","target":["https:\/\/dima-machinery.com\/es\/sistema-de-levacion-de-cestas\/"]}]},{"@type":"BreadcrumbList","@id":"https:\/\/dima-machinery.com\/es\/sistema-de-levacion-de-cestas\/#breadcrumb","itemListElement":[{"@type":"ListItem","position":1,"name":"Home","item":"https:\/\/dima-machinery.com\/es\/"},{"@type":"ListItem","position":2,"name":"Sistema De levaci\u00f2n De Cestas"}]},{"@type":"WebSite","@id":"https:\/\/dima-machinery.com\/es\/#website","url":"https:\/\/dima-machinery.com\/es\/","name":"DIMA Machinery","description":"Un nuovo sito targato WordPress","publisher":{"@id":"https:\/\/dima-machinery.com\/es\/#organization"},"potentialAction":[{"@type":"SearchAction","target":{"@type":"EntryPoint","urlTemplate":"https:\/\/dima-machinery.com\/es\/?s={search_term_string}"},"query-input":"required name=search_term_string"}],"inLanguage":"es"},{"@type":"Organization","@id":"https:\/\/dima-machinery.com\/es\/#organization","name":"DIMA Machinery","url":"https:\/\/dima-machinery.com\/es\/","logo":{"@type":"ImageObject","inLanguage":"es","@id":"https:\/\/dima-machinery.com\/es\/#\/schema\/logo\/image\/","url":"https:\/\/dima-machinery.com\/wp-content\/uploads\/2022\/06\/Logo-DIMA-R1-nero.jpg","contentUrl":"https:\/\/dima-machinery.com\/wp-content\/uploads\/2022\/06\/Logo-DIMA-R1-nero.jpg","width":800,"height":565,"caption":"DIMA Machinery"},"image":{"@id":"https:\/\/dima-machinery.com\/es\/#\/schema\/logo\/image\/"}}]}},"_links":{"self":[{"href":"https:\/\/dima-machinery.com\/es\/wp-json\/wp\/v2\/pages\/2506","targetHints":{"allow":["GET"]}}],"collection":[{"href":"https:\/\/dima-machinery.com\/es\/wp-json\/wp\/v2\/pages"}],"about":[{"href":"https:\/\/dima-machinery.com\/es\/wp-json\/wp\/v2\/types\/page"}],"author":[{"embeddable":true,"href":"https:\/\/dima-machinery.com\/es\/wp-json\/wp\/v2\/users\/1"}],"replies":[{"embeddable":true,"href":"https:\/\/dima-machinery.com\/es\/wp-json\/wp\/v2\/comments?post=2506"}],"version-history":[{"count":1,"href":"https:\/\/dima-machinery.com\/es\/wp-json\/wp\/v2\/pages\/2506\/revisions"}],"predecessor-version":[{"id":2507,"href":"https:\/\/dima-machinery.com\/es\/wp-json\/wp\/v2\/pages\/2506\/revisions\/2507"}],"wp:attachment":[{"href":"https:\/\/dima-machinery.com\/es\/wp-json\/wp\/v2\/media?parent=2506"}],"curies":[{"name":"wp","href":"https:\/\/api.w.org\/{rel}","templated":true}]}}